{"id":835,"date":"2022-06-09T17:18:39","date_gmt":"2022-06-09T17:18:39","guid":{"rendered":"https:\/\/startersites.io\/elementor\/persona\/?page_id=835"},"modified":"2025-12-17T19:21:47","modified_gmt":"2025-12-17T19:21:47","slug":"hakkimizda","status":"publish","type":"page","link":"https:\/\/emindekorasyon.com\/?page_id=835","title":{"rendered":"Hakk\u0131m\u0131zda"},"content":{"rendered":"\t\t<div data-elementor-type=\"wp-page\" data-elementor-id=\"835\" class=\"elementor elementor-835\" data-elementor-post-type=\"page\">\n\t\t\t\t<div class=\"elementor-element elementor-element-f32d86d e-flex e-con-boxed e-con e-parent\" data-id=\"f32d86d\" data-element_type=\"container\">\n\t\t\t\t\t<div class=\"e-con-inner\">\n\t\t\t\t<div class=\"elementor-element elementor-element-a3cc2d0 elementor-widget__width-initial elementor-widget elementor-widget-image\" data-id=\"a3cc2d0\" data-element_type=\"widget\" data-widget_type=\"image.default\">\n\t\t\t\t\t\t\t\t\t\t\t\t\t\t\t<img fetchpriority=\"high\" decoding=\"async\" width=\"1080\" height=\"1920\" src=\"https:\/\/emindekorasyon.com\/wp-content\/uploads\/2025\/07\/emin-dekorasyon-cit-logo.png\" class=\"attachment-full size-full wp-image-1531\" alt=\"\" srcset=\"https:\/\/emindekorasyon.com\/wp-content\/uploads\/2025\/07\/emin-dekorasyon-cit-logo.png 1080w, https:\/\/emindekorasyon.com\/wp-content\/uploads\/2025\/07\/emin-dekorasyon-cit-logo-169x300.png 169w, https:\/\/emindekorasyon.com\/wp-content\/uploads\/2025\/07\/emin-dekorasyon-cit-logo-576x1024.png 576w, https:\/\/emindekorasyon.com\/wp-content\/uploads\/2025\/07\/emin-dekorasyon-cit-logo-768x1365.png 768w, https:\/\/emindekorasyon.com\/wp-content\/uploads\/2025\/07\/emin-dekorasyon-cit-logo-864x1536.png 864w\" sizes=\"(max-width: 1080px) 100vw, 1080px\" \/>\t\t\t\t\t\t\t\t\t\t\t\t\t\t\t<\/div>\n\t\t<div class=\"elementor-element elementor-element-f190a5a e-con-full e-flex e-con e-child\" data-id=\"f190a5a\" data-element_type=\"container\">\n\t\t\t\t<div class=\"elementor-element elementor-element-7044c7c elementor-widget elementor-widget-text-editor\" data-id=\"7044c7c\" data-element_type=\"widget\" data-widget_type=\"text-editor.default\">\n\t\t\t\t\t\t\t\t\t<p>Temel \u00d6zelliklerimiz<\/p>\t\t\t\t\t\t\t\t<\/div>\n\t\t\t\t<div class=\"elementor-element elementor-element-fea6de6 elementor-widget elementor-widget-heading\" data-id=\"fea6de6\" data-element_type=\"widget\" data-widget_type=\"heading.default\">\n\t\t\t\t\t<h2 class=\"elementor-heading-title elementor-size-default\">Kaliteli ya\u015fam alanlar\u0131 i\u00e7in g\u00fcvenilir \u00e7\u00f6z\u00fcmler sunuyoruz.<\/h2>\t\t\t\t<\/div>\n\t\t<div class=\"elementor-element elementor-element-23587c7 e-flex e-con-boxed e-con e-child\" data-id=\"23587c7\" data-element_type=\"container\">\n\t\t\t\t\t<div class=\"e-con-inner\">\n\t\t<div class=\"elementor-element elementor-element-68998b1 e-con-full e-flex e-con e-child\" data-id=\"68998b1\" data-element_type=\"container\">\n\t\t\t\t<div class=\"elementor-element elementor-element-506d811 elementor-widget elementor-widget-heading\" data-id=\"506d811\" data-element_type=\"widget\" data-widget_type=\"heading.default\">\n\t\t\t\t\t<h3 class=\"elementor-heading-title elementor-size-default\">#1<\/h3>\t\t\t\t<\/div>\n\t\t\t\t<\/div>\n\t\t<div class=\"elementor-element elementor-element-6918e32 e-con-full e-flex e-con e-child\" data-id=\"6918e32\" data-element_type=\"container\">\n\t\t\t\t<div class=\"elementor-element elementor-element-f438bcc elementor-widget elementor-widget-heading\" data-id=\"f438bcc\" data-element_type=\"widget\" data-widget_type=\"heading.default\">\n\t\t\t\t\t<h5 class=\"elementor-heading-title elementor-size-default\">Misyonumuz<\/h5>\t\t\t\t<\/div>\n\t\t\t\t<div class=\"elementor-element elementor-element-5e5fad7 elementor-widget elementor-widget-text-editor\" data-id=\"5e5fad7\" data-element_type=\"widget\" data-widget_type=\"text-editor.default\">\n\t\t\t\t\t\t\t\t\t<p>Emin Dekorasyon olarak, her projede titizlikle \u00e7al\u0131\u015f\u0131yor; kaliteli, estetik ve uzun \u00f6m\u00fcrl\u00fc ya\u015fam alanlar\u0131 sunarak m\u00fc\u015fteri memnuniyetini en \u00fcst seviyeye \u00e7\u0131karmay\u0131 hedefliyoruz.<\/p>\t\t\t\t\t\t\t\t<\/div>\n\t\t\t\t<\/div>\n\t\t\t\t\t<\/div>\n\t\t\t\t<\/div>\n\t\t<div class=\"elementor-element elementor-element-bb98233 e-flex e-con-boxed e-con e-child\" data-id=\"bb98233\" data-element_type=\"container\">\n\t\t\t\t\t<div class=\"e-con-inner\">\n\t\t<div class=\"elementor-element elementor-element-dd782db e-con-full e-flex e-con e-child\" data-id=\"dd782db\" data-element_type=\"container\">\n\t\t\t\t<div class=\"elementor-element elementor-element-bdcb5fa elementor-widget elementor-widget-heading\" data-id=\"bdcb5fa\" data-element_type=\"widget\" data-widget_type=\"heading.default\">\n\t\t\t\t\t<h3 class=\"elementor-heading-title elementor-size-default\">#2<\/h3>\t\t\t\t<\/div>\n\t\t\t\t<\/div>\n\t\t<div class=\"elementor-element elementor-element-fa292e1 e-con-full e-flex e-con e-child\" data-id=\"fa292e1\" data-element_type=\"container\">\n\t\t\t\t<div class=\"elementor-element elementor-element-6c19aa6 elementor-widget elementor-widget-heading\" data-id=\"6c19aa6\" data-element_type=\"widget\" data-widget_type=\"heading.default\">\n\t\t\t\t\t<h5 class=\"elementor-heading-title elementor-size-default\"><strong><strong>Hedeflerimiz<\/strong><\/strong><\/h5>\t\t\t\t<\/div>\n\t\t\t\t<div class=\"elementor-element elementor-element-84a7751 elementor-widget elementor-widget-text-editor\" data-id=\"84a7751\" data-element_type=\"widget\" data-widget_type=\"text-editor.default\">\n\t\t\t\t\t\t\t\t\t<ul><li data-start=\"1008\" data-end=\"1049\"><p data-start=\"1010\" data-end=\"1049\">M\u00fc\u015fteri memnuniyetini %100\u2019e \u00e7\u0131karmak<\/p><\/li><li data-start=\"1050\" data-end=\"1092\"><p data-start=\"1052\" data-end=\"1092\">Hizmet a\u011f\u0131m\u0131z\u0131 \u0130stanbul d\u0131\u015f\u0131na ta\u015f\u0131mak<\/p><\/li><li data-start=\"1093\" data-end=\"1143\"><p data-start=\"1095\" data-end=\"1143\">Dijitalle\u015fme ile s\u00fcre\u00e7 takibini kolayla\u015ft\u0131rmak<\/p><\/li><li data-start=\"1144\" data-end=\"1214\"><p data-start=\"1146\" data-end=\"1214\">Enerji verimlili\u011fi y\u00fcksek, \u00e7evre dostu uygulamalara a\u011f\u0131rl\u0131k vermek<\/p><\/li><li data-start=\"1215\" data-end=\"1256\"><p data-start=\"1217\" data-end=\"1256\">Kurumsal i\u015f ortakl\u0131klar\u0131m\u0131z\u0131 art\u0131rmak<\/p><\/li><li data-start=\"1257\" data-end=\"1358\"><p data-start=\"1259\" data-end=\"1358\">Marka bilinirli\u011fimizi art\u0131rarak Emin Dekorasyon\u2019u sekt\u00f6rde lider markalardan biri haline getirmek<\/p><\/li><\/ul>\t\t\t\t\t\t\t\t<\/div>\n\t\t\t\t<\/div>\n\t\t\t\t\t<\/div>\n\t\t\t\t<\/div>\n\t\t<div class=\"elementor-element elementor-element-def32c4 e-flex e-con-boxed e-con e-child\" data-id=\"def32c4\" data-element_type=\"container\">\n\t\t\t\t\t<div class=\"e-con-inner\">\n\t\t<div class=\"elementor-element elementor-element-2d468a8 e-con-full e-flex e-con e-child\" data-id=\"2d468a8\" data-element_type=\"container\">\n\t\t\t\t<div class=\"elementor-element elementor-element-6e7e5be elementor-widget elementor-widget-heading\" data-id=\"6e7e5be\" data-element_type=\"widget\" data-widget_type=\"heading.default\">\n\t\t\t\t\t<h3 class=\"elementor-heading-title elementor-size-default\">#3<\/h3>\t\t\t\t<\/div>\n\t\t\t\t<\/div>\n\t\t<div class=\"elementor-element elementor-element-0141be7 e-con-full e-flex e-con e-child\" data-id=\"0141be7\" data-element_type=\"container\">\n\t\t\t\t<div class=\"elementor-element elementor-element-9ddd808 elementor-widget elementor-widget-heading\" data-id=\"9ddd808\" data-element_type=\"widget\" data-widget_type=\"heading.default\">\n\t\t\t\t\t<h5 class=\"elementor-heading-title elementor-size-default\"><strong><strong><strong>Neden Emin Dekorasyon?<\/strong><\/strong><\/strong><\/h5>\t\t\t\t<\/div>\n\t\t\t\t<div class=\"elementor-element elementor-element-58104de elementor-widget elementor-widget-text-editor\" data-id=\"58104de\" data-element_type=\"widget\" data-widget_type=\"text-editor.default\">\n\t\t\t\t\t\t\t\t\t<p>Emin Dekorasyon; in\u015faat, tadilat, yal\u0131t\u0131m ve dekorasyon alanlar\u0131nda anahtar teslim \u00e7\u00f6z\u00fcmler sunar. Kaliteli i\u015f\u00e7ilik, uygun fiyat ve zaman\u0131nda teslimat ile ya\u015fam alanlar\u0131n\u0131za estetik ve konfor kat\u0131yoruz.<\/p>\t\t\t\t\t\t\t\t<\/div>\n\t\t\t\t<\/div>\n\t\t\t\t\t<\/div>\n\t\t\t\t<\/div>\n\t\t\t\t<div class=\"elementor-element elementor-element-fa503f7 elementor-widget elementor-widget-button\" data-id=\"fa503f7\" data-element_type=\"widget\" data-widget_type=\"button.default\">\n\t\t\t\t\t\t\t\t\t\t<a class=\"elementor-button elementor-button-link elementor-size-md\" href=\"https:\/\/wa.me\/+905376549005\">\n\t\t\t\t\t\t<span class=\"elementor-button-content-wrapper\">\n\t\t\t\t\t\t\t\t\t<span class=\"elementor-button-text\">Detayl\u0131 bilgi<\/span>\n\t\t\t\t\t<\/span>\n\t\t\t\t\t<\/a>\n\t\t\t\t\t\t\t\t<\/div>\n\t\t\t\t<\/div>\n\t\t\t\t\t<\/div>\n\t\t\t\t<\/div>\n\t\t<div class=\"elementor-element elementor-element-3833c42 e-flex e-con-boxed e-con e-parent\" data-id=\"3833c42\" data-element_type=\"container\" data-settings=\"{&quot;background_background&quot;:&quot;classic&quot;}\">\n\t\t\t\t\t<div class=\"e-con-inner\">\n\t\t<div class=\"elementor-element elementor-element-fed2aad e-con-full e-flex e-con e-child\" data-id=\"fed2aad\" data-element_type=\"container\">\n\t\t\t\t<div class=\"elementor-element elementor-element-5b6e380 elementor-widget elementor-widget-text-editor\" data-id=\"5b6e380\" data-element_type=\"widget\" data-widget_type=\"text-editor.default\">\n\t\t\t\t\t\t\t\t\t<p>M\u00fc\u015fteri Yorumlar\u0131<\/p>\t\t\t\t\t\t\t\t<\/div>\n\t\t\t\t<div class=\"elementor-element elementor-element-88ced2b elementor-widget elementor-widget-heading\" data-id=\"88ced2b\" data-element_type=\"widget\" data-widget_type=\"heading.default\">\n\t\t\t\t\t<h2 class=\"elementor-heading-title elementor-size-default\">Mutlu M\u00fc\u015fteriler<\/h2>\t\t\t\t<\/div>\n\t\t\t\t<div class=\"elementor-element elementor-element-896ff58 elementor-widget elementor-widget-text-editor\" data-id=\"896ff58\" data-element_type=\"widget\" data-widget_type=\"text-editor.default\">\n\t\t\t\t\t\t\t\t\t<p>Kaliteli i\u015f\u00e7ilik, zaman\u0131nda teslimat ve \u015feffaf ileti\u015fim anlay\u0131\u015f\u0131m\u0131zla, her m\u00fc\u015fterimizin g\u00fcvenini kazan\u0131yor; uzun vadeli memnuniyet sa\u011flayan \u00e7\u00f6z\u00fcmler sunuyoruz.<\/p>\t\t\t\t\t\t\t\t<\/div>\n\t\t\t\t<\/div>\n\t\t<div class=\"elementor-element elementor-element-b793d75 e-con-full e-flex e-con e-child\" data-id=\"b793d75\" data-element_type=\"container\" data-settings=\"{&quot;background_background&quot;:&quot;classic&quot;}\">\n\t\t\t\t<div class=\"elementor-element elementor-element-dbae3f9 elementor-widget elementor-widget-heading\" data-id=\"dbae3f9\" data-element_type=\"widget\" data-widget_type=\"heading.default\">\n\t\t\t\t\t<h3 class=\"elementor-heading-title elementor-size-default\">Sorunsuz ve G\u00fcvenilir Tadilat<\/h3>\t\t\t\t<\/div>\n\t\t\t\t<div class=\"elementor-element elementor-element-d94accc elementor-widget elementor-widget-text-editor\" data-id=\"d94accc\" data-element_type=\"widget\" data-widget_type=\"text-editor.default\">\n\t\t\t\t\t\t\t\t\t<p><strong data-start=\"31\" data-end=\"183\">&#8220;Emin Dekorasyon\u2019la ev tadilat\u0131m\u0131z sorunsuz tamamland\u0131. Hem i\u015f\u00e7ilikten hem ileti\u015fimden \u00e7ok memnun kald\u0131k. Zaman\u0131nda teslim ettiler, tavsiye ederim!&#8221;<\/strong><\/p>\t\t\t\t\t\t\t\t<\/div>\n\t\t<div class=\"elementor-element elementor-element-634e661 e-flex e-con-boxed e-con e-child\" data-id=\"634e661\" data-element_type=\"container\">\n\t\t\t\t\t<div class=\"e-con-inner\">\n\t\t<div class=\"elementor-element elementor-element-e1dd4f3 e-con-full e-flex e-con e-child\" data-id=\"e1dd4f3\" data-element_type=\"container\">\n\t\t\t\t<div class=\"elementor-element elementor-element-85a6d40 elementor-widget elementor-widget-image\" data-id=\"85a6d40\" data-element_type=\"widget\" data-widget_type=\"image.default\">\n\t\t\t\t\t\t\t\t\t\t\t\t\t\t\t<img decoding=\"async\" width=\"1024\" height=\"1024\" src=\"https:\/\/emindekorasyon.com\/wp-content\/uploads\/2025\/07\/ChatGPT-Image-21-Tem-2025-01_45_56.png\" class=\"attachment-large size-large wp-image-1532\" alt=\"\" srcset=\"https:\/\/emindekorasyon.com\/wp-content\/uploads\/2025\/07\/ChatGPT-Image-21-Tem-2025-01_45_56.png 1024w, https:\/\/emindekorasyon.com\/wp-content\/uploads\/2025\/07\/ChatGPT-Image-21-Tem-2025-01_45_56-300x300.png 300w, https:\/\/emindekorasyon.com\/wp-content\/uploads\/2025\/07\/ChatGPT-Image-21-Tem-2025-01_45_56-150x150.png 150w, https:\/\/emindekorasyon.com\/wp-content\/uploads\/2025\/07\/ChatGPT-Image-21-Tem-2025-01_45_56-768x768.png 768w\" sizes=\"(max-width: 1024px) 100vw, 1024px\" \/>\t\t\t\t\t\t\t\t\t\t\t\t\t\t\t<\/div>\n\t\t\t\t<\/div>\n\t\t<div class=\"elementor-element elementor-element-0751d89 e-con-full e-flex e-con e-child\" data-id=\"0751d89\" data-element_type=\"container\">\n\t\t\t\t<div class=\"elementor-element elementor-element-2901ff4 elementor-widget elementor-widget-heading\" data-id=\"2901ff4\" data-element_type=\"widget\" data-widget_type=\"heading.default\">\n\t\t\t\t\t<h6 class=\"elementor-heading-title elementor-size-default\">Ay\u015fe K.<\/h6>\t\t\t\t<\/div>\n\t\t\t\t<div class=\"elementor-element elementor-element-6dadec4 elementor-widget elementor-widget-text-editor\" data-id=\"6dadec4\" data-element_type=\"widget\" data-widget_type=\"text-editor.default\">\n\t\t\t\t\t\t\t\t\t<p>\u0130stanbul, Beylid\u00fcz\u00fc<\/p>\t\t\t\t\t\t\t\t<\/div>\n\t\t\t\t<\/div>\n\t\t\t\t\t<\/div>\n\t\t\t\t<\/div>\n\t\t\t\t<\/div>\n\t\t\t\t\t<\/div>\n\t\t\t\t<\/div>\n\t\t<div class=\"elementor-element elementor-element-1e67f1fb e-flex e-con-boxed e-con e-parent\" data-id=\"1e67f1fb\" data-element_type=\"container\">\n\t\t\t\t\t<div class=\"e-con-inner\">\n\t\t<div class=\"elementor-element elementor-element-6d0f2d98 e-flex e-con-boxed e-con e-child\" data-id=\"6d0f2d98\" data-element_type=\"container\" data-settings=\"{&quot;background_background&quot;:&quot;classic&quot;}\">\n\t\t\t\t\t<div class=\"e-con-inner\">\n\t\t<div class=\"elementor-element elementor-element-23e14408 e-con-full e-flex e-con e-child\" data-id=\"23e14408\" data-element_type=\"container\">\n\t\t\t\t<div class=\"elementor-element elementor-element-57ee1910 elementor-widget elementor-widget-heading\" data-id=\"57ee1910\" data-element_type=\"widget\" data-widget_type=\"heading.default\">\n\t\t\t\t\t<h2 class=\"elementor-heading-title elementor-size-default\">Eviniz i\u00e7in en do\u011fru ad\u0131m\u0131 birlikte atal\u0131m.<\/h2>\t\t\t\t<\/div>\n\t\t\t\t<div class=\"elementor-element elementor-element-857315d elementor-widget elementor-widget-text-editor\" data-id=\"857315d\" data-element_type=\"widget\" data-widget_type=\"text-editor.default\">\n\t\t\t\t\t\t\t\t\t<p><strong data-start=\"127\" data-end=\"146\">Emin Dekorasyon<\/strong>\u00a0olarak, ya\u015fam alanlar\u0131n\u0131z\u0131 daha konforlu, estetik ve dayan\u0131kl\u0131 hale getirmek i\u00e7in yan\u0131n\u0131zday\u0131z.<\/p>\t\t\t\t\t\t\t\t<\/div>\n\t\t\t\t<div class=\"elementor-element elementor-element-73f05a96 elementor-widget elementor-widget-button\" data-id=\"73f05a96\" data-element_type=\"widget\" data-widget_type=\"button.default\">\n\t\t\t\t\t\t\t\t\t\t<a class=\"elementor-button elementor-button-link elementor-size-md\" href=\"https:\/\/emindekorasyon.com\/?page_id=785\">\n\t\t\t\t\t\t<span class=\"elementor-button-content-wrapper\">\n\t\t\t\t\t\t\t\t\t<span class=\"elementor-button-text\">\u0130leti\u015fim<\/span>\n\t\t\t\t\t<\/span>\n\t\t\t\t\t<\/a>\n\t\t\t\t\t\t\t\t<\/div>\n\t\t\t\t<\/div>\n\t\t\t\t<div class=\"elementor-element elementor-element-57728b2c elementor-widget__width-initial elementor-widget elementor-widget-image\" data-id=\"57728b2c\" data-element_type=\"widget\" data-widget_type=\"image.default\">\n\t\t\t\t\t\t\t\t\t\t\t\t\t\t\t<img decoding=\"async\" width=\"1024\" height=\"761\" src=\"https:\/\/emindekorasyon.com\/wp-content\/uploads\/2025\/07\/emin_dekorasyon_usta_elinde_rulo_var_gulumsuyor-e1753045760833-1024x761.png\" class=\"attachment-large size-large wp-image-1500\" alt=\"\" srcset=\"https:\/\/emindekorasyon.com\/wp-content\/uploads\/2025\/07\/emin_dekorasyon_usta_elinde_rulo_var_gulumsuyor-e1753045760833-1024x761.png 1024w, https:\/\/emindekorasyon.com\/wp-content\/uploads\/2025\/07\/emin_dekorasyon_usta_elinde_rulo_var_gulumsuyor-e1753045760833-300x223.png 300w, https:\/\/emindekorasyon.com\/wp-content\/uploads\/2025\/07\/emin_dekorasyon_usta_elinde_rulo_var_gulumsuyor-e1753045760833-768x571.png 768w, https:\/\/emindekorasyon.com\/wp-content\/uploads\/2025\/07\/emin_dekorasyon_usta_elinde_rulo_var_gulumsuyor-e1753045760833.png 1453w\" sizes=\"(max-width: 1024px) 100vw, 1024px\" \/>\t\t\t\t\t\t\t\t\t\t\t\t\t\t\t<\/div>\n\t\t\t\t\t<\/div>\n\t\t\t\t<\/div>\n\t\t\t\t\t<\/div>\n\t\t\t\t<\/div>\n\t\t\t\t<\/div>\n\t\t","protected":false},"excerpt":{"rendered":"<p>Pellentesque tincidunt tristique neque, eget venenatis enim gravida quis. Fusce at egestas libero. Cras convallis egestas ullamcorper suspens.<\/p>\n","protected":false},"author":1,"featured_media":0,"parent":0,"menu_order":0,"comment_status":"closed","ping_status":"closed","template":"","meta":{"footnotes":""},"class_list":["post-835","page","type-page","status-publish","hentry"],"blocksy_meta":{"styles_descriptor":{"styles":{"desktop":"","tablet":"","mobile":""},"google_fonts":[],"version":6}},"_links":{"self":[{"href":"https:\/\/emindekorasyon.com\/index.php?rest_route=\/wp\/v2\/pages\/835","targetHints":{"allow":["GET"]}}],"collection":[{"href":"https:\/\/emindekorasyon.com\/index.php?rest_route=\/wp\/v2\/pages"}],"about":[{"href":"https:\/\/emindekorasyon.com\/index.php?rest_route=\/wp\/v2\/types\/page"}],"author":[{"embeddable":true,"href":"https:\/\/emindekorasyon.com\/index.php?rest_route=\/wp\/v2\/users\/1"}],"replies":[{"embeddable":true,"href":"https:\/\/emindekorasyon.com\/index.php?rest_route=%2Fwp%2Fv2%2Fcomments&post=835"}],"version-history":[{"count":13,"href":"https:\/\/emindekorasyon.com\/index.php?rest_route=\/wp\/v2\/pages\/835\/revisions"}],"predecessor-version":[{"id":1758,"href":"https:\/\/emindekorasyon.com\/index.php?rest_route=\/wp\/v2\/pages\/835\/revisions\/1758"}],"wp:attachment":[{"href":"https:\/\/emindekorasyon.com\/index.php?rest_route=%2Fwp%2Fv2%2Fmedia&parent=835"}],"curies":[{"name":"wp","href":"https:\/\/api.w.org\/{rel}","templated":true}]}}